{"id":5063,"date":"2024-10-15T15:39:49","date_gmt":"2024-10-15T13:39:49","guid":{"rendered":"https:\/\/aidc-iacl.org\/?page_id=5063"},"modified":"2024-10-24T17:24:37","modified_gmt":"2024-10-24T15:24:37","slug":"vote-liste-des-candidats-associes-2024","status":"publish","type":"page","link":"https:\/\/aidc-iacl.org\/en\/vote-liste-des-candidats-associes-2024\/","title":{"rendered":"VOTE LISTE DES CANDIDATS ASSOCI\u00c9S 2024"},"content":{"rendered":"ACAD\u00c9MIE INTERNATIONALE DE DROIT COMPAR\u00c9 Liste des candidats associ\u00e9s Prof. Caroline L. Davidson Prof. Symeon C. Symeonides Willamette University College of Law, USA Davidson-nomination-associate-by-Symeonides Dr Marco Cappelletti Prof. Barbara Pozzo Worcester College-Oxford, UK Cappelletti_nomination-as-associate-member Dr Karim El Chazli Prof. Gilles Cuniberti Institut suisse de droit compar\u00e9 Proposition-Nomination-AIDC-Karim-el-Chazli Honorable Catherine Pich\u00e9 Prof. Nathalie V\u00e9zina Cour sup\u00e9rieure... \t\t<div class=\"woocommerce\">\n\t\t\t<div class=\"woocommerce-info wc-memberships-restriction-message wc-memberships-message wc-memberships-content-restricted-message\">\n\t\t\t\t<p><strong>Seuls les membres de l'Acad\u00e9mie d\u00fbment \u00e9lus par leurs pairs sont autoris\u00e9s \u00e0 voter. Si vous souhaitez devenir membre \u00e9lu de l'Acad\u00e9mie, veuillez \u00e9crire \u00e0 \u00absecretariat@aidc-iacl.org \u00bb.<\/strong><\/p>\r\n<p><strong>\u2014<\/strong><\/p>\r\n<p><strong>Only members of the Academy who have been duly elected by their peers are allowed to vote. If you are interested of becoming an elected member of the Academy, please write to \u2019\u2019secretariat@aidc-iacl.org\u2019\u2019.<\/strong><\/p>\t\t    <\/div>\n\t\t<\/div>","protected":false},"excerpt":{"rendered":"<p>ACAD\u00c9MIE INTERNATIONALE DE DROIT COMPAR\u00c9 Liste des candidats associ\u00e9s Prof. Caroline L. Davidson Prof. Symeon C. Symeonides Willamette University College of Law, USA Davidson-nomination-associate-by-Symeonides Dr Marco Cappelletti Prof. Barbara Pozzo Worcester College-Oxford, UK Cappelletti_nomination-as-associate-member Dr Karim El Chazli Prof. Gilles Cuniberti Institut suisse de droit compar\u00e9 Proposition-Nomination-AIDC-Karim-el-Chazli Honorable Catherine Pich\u00e9 Prof. Nathalie V\u00e9zina Cour sup\u00e9rieure&#8230; \t\t<\/p>\n<div class=\"woocommerce\">\n<div class=\"woocommerce-info wc-memberships-restriction-message wc-memberships-message wc-memberships-content-restricted-message\">\n<p><strong>Seuls les membres de l&rsquo;Acad\u00e9mie d\u00fbment \u00e9lus par leurs pairs sont autoris\u00e9s \u00e0 voter. Si vous souhaitez devenir membre \u00e9lu de l&rsquo;Acad\u00e9mie, veuillez \u00e9crire \u00e0 \u00absecretariat@aidc-iacl.org \u00bb.<\/strong><\/p>\n<p><strong>\u2014<\/strong><\/p>\n<p><strong>Only members of the Academy who have been duly elected by their peers are allowed to vote. If you are interested of becoming an elected member of the Academy, please write to \u2019\u2019secretariat@aidc-iacl.org\u2019\u2019.<\/strong><\/p>\n<\/p><\/div>\n<\/p><\/div>","protected":false},"author":1,"featured_media":0,"parent":0,"menu_order":0,"comment_status":"closed","ping_status":"closed","template":"","meta":{"_kad_blocks_custom_css":"","_kad_blocks_head_custom_js":"","_kad_blocks_body_custom_js":"","_kad_blocks_footer_custom_js":"","_kadence_starter_templates_imported_post":false,"_kad_post_transparent":"","_kad_post_title":"","_kad_post_layout":"","_kad_post_sidebar_id":"","_kad_post_content_style":"","_kad_post_vertical_padding":"","_kad_post_feature":"","_kad_post_feature_position":"","_kad_post_header":false,"_kad_post_footer":false,"footnotes":""},"class_list":["post-5063","page","type-page","status-publish","hentry","membership-content","access-restricted"],"taxonomy_info":[],"featured_image_src_large":false,"author_info":{"display_name":"Th\u00e9otime Alzas","author_link":"https:\/\/aidc-iacl.org\/en\/author\/aidc-iacl-thalzas-com\/"},"comment_info":0,"jetpack_sharing_enabled":true,"_links":{"self":[{"href":"https:\/\/aidc-iacl.org\/en\/wp-json\/wp\/v2\/pages\/5063","targetHints":{"allow":["GET"]}}],"collection":[{"href":"https:\/\/aidc-iacl.org\/en\/wp-json\/wp\/v2\/pages"}],"about":[{"href":"https:\/\/aidc-iacl.org\/en\/wp-json\/wp\/v2\/types\/page"}],"author":[{"embeddable":true,"href":"https:\/\/aidc-iacl.org\/en\/wp-json\/wp\/v2\/users\/1"}],"replies":[{"embeddable":true,"href":"https:\/\/aidc-iacl.org\/en\/wp-json\/wp\/v2\/comments?post=5063"}],"version-history":[{"count":54,"href":"https:\/\/aidc-iacl.org\/en\/wp-json\/wp\/v2\/pages\/5063\/revisions"}],"predecessor-version":[{"id":5256,"href":"https:\/\/aidc-iacl.org\/en\/wp-json\/wp\/v2\/pages\/5063\/revisions\/5256"}],"wp:attachment":[{"href":"https:\/\/aidc-iacl.org\/en\/wp-json\/wp\/v2\/media?parent=5063"}],"curies":[{"name":"wp","href":"https:\/\/api.w.org\/{rel}","templated":true}]}}