{"id":5021,"date":"2024-10-15T14:42:53","date_gmt":"2024-10-15T12:42:53","guid":{"rendered":"https:\/\/aidc-iacl.org\/?page_id=5021"},"modified":"2024-11-15T12:11:14","modified_gmt":"2024-11-15T11:11:14","slug":"4532876079-2","status":"publish","type":"page","link":"https:\/\/aidc-iacl.org\/en\/4532876079-2\/","title":{"rendered":"Page de vote &#8211; \u00c9lection membres Oct 2024"},"content":{"rendered":"ACAD\u00c9MIE INTERNATIONALE DE DROIT COMPAR\u00c9 Le vote est fini Chargement\u2026 \t\t<div class=\"woocommerce\">\n\t\t\t<div class=\"woocommerce-info wc-memberships-restriction-message wc-memberships-message wc-memberships-content-restricted-message\">\n\t\t\t\t<p><strong>Seuls les membres de l'Acad\u00e9mie d\u00fbment \u00e9lus par leurs pairs sont autoris\u00e9s \u00e0 voter. Si vous souhaitez devenir membre \u00e9lu de l'Acad\u00e9mie, veuillez \u00e9crire \u00e0 \u00absecretariat@aidc-iacl.org \u00bb.<\/strong><\/p>\r\n<p><strong>\u2014<\/strong><\/p>\r\n<p><strong>Only members of the Academy who have been duly elected by their peers are allowed to vote. If you are interested of becoming an elected member of the Academy, please write to \u2019\u2019secretariat@aidc-iacl.org\u2019\u2019.<\/strong><\/p>\t\t    <\/div>\n\t\t<\/div>","protected":false},"excerpt":{"rendered":"<p>ACAD\u00c9MIE INTERNATIONALE DE DROIT COMPAR\u00c9 Le vote est fini Chargement\u2026 \t\t<\/p>\n<div class=\"woocommerce\">\n<div class=\"woocommerce-info wc-memberships-restriction-message wc-memberships-message wc-memberships-content-restricted-message\">\n<p><strong>Seuls les membres de l&rsquo;Acad\u00e9mie d\u00fbment \u00e9lus par leurs pairs sont autoris\u00e9s \u00e0 voter. Si vous souhaitez devenir membre \u00e9lu de l&rsquo;Acad\u00e9mie, veuillez \u00e9crire \u00e0 \u00absecretariat@aidc-iacl.org \u00bb.<\/strong><\/p>\n<p><strong>\u2014<\/strong><\/p>\n<p><strong>Only members of the Academy who have been duly elected by their peers are allowed to vote. If you are interested of becoming an elected member of the Academy, please write to \u2019\u2019secretariat@aidc-iacl.org\u2019\u2019.<\/strong><\/p>\n<\/p><\/div>\n<\/p><\/div>","protected":false},"author":1,"featured_media":0,"parent":0,"menu_order":0,"comment_status":"closed","ping_status":"closed","template":"","meta":{"_kad_blocks_custom_css":"","_kad_blocks_head_custom_js":"","_kad_blocks_body_custom_js":"","_kad_blocks_footer_custom_js":"","_kadence_starter_templates_imported_post":false,"_kad_post_transparent":"","_kad_post_title":"","_kad_post_layout":"","_kad_post_sidebar_id":"","_kad_post_content_style":"","_kad_post_vertical_padding":"","_kad_post_feature":"","_kad_post_feature_position":"","_kad_post_header":false,"_kad_post_footer":false,"footnotes":""},"taxonomy_info":[],"featured_image_src_large":false,"author_info":{"display_name":"Th\u00e9otime Alzas","author_link":"https:\/\/aidc-iacl.org\/en\/author\/aidc-iacl-thalzas-com\/"},"comment_info":0,"jetpack_sharing_enabled":true,"_links":{"self":[{"href":"https:\/\/aidc-iacl.org\/en\/wp-json\/wp\/v2\/pages\/5021"}],"collection":[{"href":"https:\/\/aidc-iacl.org\/en\/wp-json\/wp\/v2\/pages"}],"about":[{"href":"https:\/\/aidc-iacl.org\/en\/wp-json\/wp\/v2\/types\/page"}],"author":[{"embeddable":true,"href":"https:\/\/aidc-iacl.org\/en\/wp-json\/wp\/v2\/users\/1"}],"replies":[{"embeddable":true,"href":"https:\/\/aidc-iacl.org\/en\/wp-json\/wp\/v2\/comments?post=5021"}],"version-history":[{"count":18,"href":"https:\/\/aidc-iacl.org\/en\/wp-json\/wp\/v2\/pages\/5021\/revisions"}],"predecessor-version":[{"id":5347,"href":"https:\/\/aidc-iacl.org\/en\/wp-json\/wp\/v2\/pages\/5021\/revisions\/5347"}],"wp:attachment":[{"href":"https:\/\/aidc-iacl.org\/en\/wp-json\/wp\/v2\/media?parent=5021"}],"curies":[{"name":"wp","href":"https:\/\/api.w.org\/{rel}","templated":true}]}}