{"id":4782,"date":"2024-06-25T14:29:24","date_gmt":"2024-06-25T12:29:24","guid":{"rendered":"https:\/\/aidc-iacl.org\/?page_id=4782"},"modified":"2024-06-25T14:31:44","modified_gmt":"2024-06-25T12:31:44","slug":"vote-congres-de-berlin","status":"publish","type":"page","link":"https:\/\/aidc-iacl.org\/en\/congres\/vote-congres-de-berlin\/","title":{"rendered":"Vote Congr\u00e8s de Berlin"},"content":{"rendered":"<style>.kb-row-layout-wrap.wp-block-kadence-rowlayout.kb-row-layout-id4782_235710-7f{margin-top:0px;margin-bottom:30px;}.kb-row-layout-id4782_235710-7f > .kt-row-column-wrap{align-content:start;}:where(.kb-row-layout-id4782_235710-7f > .kt-row-column-wrap) > .wp-block-kadence-column{justify-content:start;}.kb-row-layout-id4782_235710-7f > .kt-row-column-wrap{column-gap:var(--global-kb-gap-none, 0rem );row-gap:var(--global-kb-gap-md, 2rem);max-width:500px;margin-left:auto;margin-right:auto;padding-top:55px;padding-right:0px;padding-bottom:0px;padding-left:0px;grid-template-columns:minmax(0, 1fr);}.kb-row-layout-id4782_235710-7f > .kt-row-layout-overlay{opacity:0.30;}@media all and (max-width: 1024px){.kb-row-layout-id4782_235710-7f > .kt-row-column-wrap{grid-template-columns:minmax(0, 1fr);}}@media all and (max-width: 767px){.kb-row-layout-id4782_235710-7f > .kt-row-column-wrap{padding-top:50px;padding-right:10px;padding-bottom:0px;padding-left:10px;grid-template-columns:minmax(0, 1fr);}}<\/style><div class=\"kb-row-layout-wrap kb-row-layout-id4782_235710-7f alignnone wp-block-kadence-rowlayout\"><div class=\"kt-row-column-wrap kt-has-1-columns kt-row-layout-equal kt-tab-layout-inherit kt-mobile-layout-row kt-row-valign-top\">\n<style>.kadence-column4782_4c5989-4c > .kt-inside-inner-col{padding-top:10px;padding-right:10px;padding-bottom:10px;padding-left:10px;}.kadence-column4782_4c5989-4c > .kt-inside-inner-col,.kadence-column4782_4c5989-4c > .kt-inside-inner-col:before{border-top-left-radius:0px;border-top-right-radius:0px;border-bottom-right-radius:0px;border-bottom-left-radius:0px;}.kadence-column4782_4c5989-4c > .kt-inside-inner-col{column-gap:var(--global-kb-gap-sm, 1rem);}.kadence-column4782_4c5989-4c > .kt-inside-inner-col{flex-direction:column;}.kadence-column4782_4c5989-4c > .kt-inside-inner-col > .aligncenter{width:100%;}.kadence-column4782_4c5989-4c > .kt-inside-inner-col:before{opacity:0.3;}.kadence-column4782_4c5989-4c{position:relative;}@media all and (max-width: 1024px){.kadence-column4782_4c5989-4c > .kt-inside-inner-col{flex-direction:column;justify-content:center;}}@media all and (max-width: 767px){.kadence-column4782_4c5989-4c > .kt-inside-inner-col{flex-direction:column;justify-content:center;}}<\/style>\n<div class=\"wp-block-kadence-column kadence-column4782_4c5989-4c inner-column-1\"><div class=\"kt-inside-inner-col\"><style>.wp-block-kadence-advancedheading.kt-adv-heading4782_a14635-88, .wp-block-kadence-advancedheading.kt-adv-heading4782_a14635-88[data-kb-block=\"kb-adv-heading4782_a14635-88\"]{margin-bottom:27px;text-align:center;font-size:14px;line-height:14px;font-style:normal;}.wp-block-kadence-advancedheading.kt-adv-heading4782_a14635-88 mark.kt-highlight, .wp-block-kadence-advancedheading.kt-adv-heading4782_a14635-88[data-kb-block=\"kb-adv-heading4782_a14635-88\"] mark.kt-highlight{font-style:normal;color:#f76a0c;-webkit-box-decoration-break:clone;box-decoration-break:clone;padding-top:0px;padding-right:0px;padding-bottom:0px;padding-left:0px;}.wp-block-kadence-advancedheading.kt-adv-heading4782_a14635-88 img.kb-inline-image, .wp-block-kadence-advancedheading.kt-adv-heading4782_a14635-88[data-kb-block=\"kb-adv-heading4782_a14635-88\"] img.kb-inline-image{width:150px;vertical-align:baseline;}<\/style>\n<h6 class=\"kt-adv-heading4782_a14635-88 wp-block-kadence-advancedheading\" data-kb-block=\"kb-adv-heading4782_a14635-88\">INTERNATIONAL ACADEMY OF COMPARATIVE LAW<\/h6>\n\n\n<style>.wp-block-kadence-advancedheading.kt-adv-heading4782_ec0619-9b, .wp-block-kadence-advancedheading.kt-adv-heading4782_ec0619-9b[data-kb-block=\"kb-adv-heading4782_ec0619-9b\"]{margin-bottom:17px;text-align:center;font-size:34px;line-height:34px;font-style:normal;}.wp-block-kadence-advancedheading.kt-adv-heading4782_ec0619-9b mark.kt-highlight, .wp-block-kadence-advancedheading.kt-adv-heading4782_ec0619-9b[data-kb-block=\"kb-adv-heading4782_ec0619-9b\"] mark.kt-highlight{font-style:normal;color:#f76a0c;-webkit-box-decoration-break:clone;box-decoration-break:clone;padding-top:0px;padding-right:0px;padding-bottom:0px;padding-left:0px;}.wp-block-kadence-advancedheading.kt-adv-heading4782_ec0619-9b img.kb-inline-image, .wp-block-kadence-advancedheading.kt-adv-heading4782_ec0619-9b[data-kb-block=\"kb-adv-heading4782_ec0619-9b\"] img.kb-inline-image{width:150px;vertical-align:baseline;}<\/style>\n<h2 class=\"kt-adv-heading4782_ec0619-9b wp-block-kadence-advancedheading\" data-kb-block=\"kb-adv-heading4782_ec0619-9b\">Vote<\/h2>\n<\/div><\/div>\n\n<\/div><\/div>\n\n<style>.kb-row-layout-id4782_f687df-5b > .kt-row-column-wrap{align-content:start;}:where(.kb-row-layout-id4782_f687df-5b > .kt-row-column-wrap) > .wp-block-kadence-column{justify-content:start;}.kb-row-layout-id4782_f687df-5b > .kt-row-column-wrap{column-gap:var(--global-kb-gap-md, 2rem);row-gap:var(--global-kb-gap-md, 2rem);max-width:var( --global-content-width, 1190px );padding-left:var(--global-content-edge-padding);padding-right:var(--global-content-edge-padding);padding-top:0px;padding-bottom:50px;grid-template-columns:minmax(0, 1fr);}.kb-row-layout-id4782_f687df-5b > .kt-row-layout-overlay{opacity:0.30;}@media all and (max-width: 1024px){.kb-row-layout-id4782_f687df-5b > .kt-row-column-wrap{grid-template-columns:minmax(0, 1fr);}}@media all and (max-width: 767px){.kb-row-layout-id4782_f687df-5b > .kt-row-column-wrap{grid-template-columns:minmax(0, 1fr);}}<\/style><div class=\"kb-row-layout-wrap kb-row-layout-id4782_f687df-5b alignnone wp-block-kadence-rowlayout\"><div class=\"kt-row-column-wrap kt-has-1-columns kt-row-layout-equal kt-tab-layout-inherit kt-mobile-layout-row kt-row-valign-top kb-theme-content-width\">\n<style>.kadence-column4782_8de462-0c > .kt-inside-inner-col,.kadence-column4782_8de462-0c > .kt-inside-inner-col:before{border-top-left-radius:0px;border-top-right-radius:0px;border-bottom-right-radius:0px;border-bottom-left-radius:0px;}.kadence-column4782_8de462-0c > .kt-inside-inner-col{column-gap:var(--global-kb-gap-sm, 1rem);}.kadence-column4782_8de462-0c > .kt-inside-inner-col{flex-direction:column;}.kadence-column4782_8de462-0c > .kt-inside-inner-col > .aligncenter{width:100%;}.kadence-column4782_8de462-0c > .kt-inside-inner-col:before{opacity:0.3;}.kadence-column4782_8de462-0c{position:relative;}@media all and (max-width: 1024px){.kadence-column4782_8de462-0c > .kt-inside-inner-col{flex-direction:column;justify-content:center;}}@media all and (max-width: 767px){.kadence-column4782_8de462-0c > .kt-inside-inner-col{flex-direction:column;justify-content:center;}}<\/style>\n<div class=\"wp-block-kadence-column kadence-column4782_8de462-0c inner-column-1\"><div class=\"kt-inside-inner-col\"><style>.kb-row-layout-id4782_548ce7-a5 > .kt-row-column-wrap{align-content:start;}:where(.kb-row-layout-id4782_548ce7-a5 > .kt-row-column-wrap) > .wp-block-kadence-column{justify-content:start;}.kb-row-layout-id4782_548ce7-a5 > .kt-row-column-wrap{column-gap:var(--global-kb-gap-md, 2rem);row-gap:var(--global-kb-gap-md, 2rem);max-width:850px;margin-left:auto;margin-right:auto;padding-top:0px;padding-bottom:25px;grid-template-columns:minmax(0, 1fr);}.kb-row-layout-id4782_548ce7-a5 > .kt-row-layout-overlay{opacity:0.30;}@media all and (max-width: 1024px){.kb-row-layout-id4782_548ce7-a5 > .kt-row-column-wrap{grid-template-columns:minmax(0, 1fr);}}@media all and (max-width: 767px){.kb-row-layout-id4782_548ce7-a5 > .kt-row-column-wrap{grid-template-columns:minmax(0, 1fr);}}<\/style><div class=\"kb-row-layout-wrap kb-row-layout-id4782_548ce7-a5 alignnone wp-block-kadence-rowlayout\"><div class=\"kt-row-column-wrap kt-has-1-columns kt-row-layout-equal kt-tab-layout-inherit kt-mobile-layout-row kt-row-valign-top\">\n<style>.kadence-column4782_daa063-d3 > .kt-inside-inner-col,.kadence-column4782_daa063-d3 > .kt-inside-inner-col:before{border-top-left-radius:0px;border-top-right-radius:0px;border-bottom-right-radius:0px;border-bottom-left-radius:0px;}.kadence-column4782_daa063-d3 > .kt-inside-inner-col{column-gap:var(--global-kb-gap-sm, 1rem);}.kadence-column4782_daa063-d3 > .kt-inside-inner-col{flex-direction:column;}.kadence-column4782_daa063-d3 > .kt-inside-inner-col > .aligncenter{width:100%;}.kadence-column4782_daa063-d3 > .kt-inside-inner-col:before{opacity:0.3;}.kadence-column4782_daa063-d3{position:relative;}@media all and (max-width: 1024px){.kadence-column4782_daa063-d3 > .kt-inside-inner-col{flex-direction:column;justify-content:center;}}@media all and (max-width: 767px){.kadence-column4782_daa063-d3 > .kt-inside-inner-col{flex-direction:column;justify-content:center;}}<\/style>\n<div class=\"wp-block-kadence-column kadence-column4782_daa063-d3 inner-column-1\"><div class=\"kt-inside-inner-col\"><style>.wp-block-kadence-advancedheading.kt-adv-heading4782_4f9cd3-21, .wp-block-kadence-advancedheading.kt-adv-heading4782_4f9cd3-21[data-kb-block=\"kb-adv-heading4782_4f9cd3-21\"]{margin-bottom:1px;text-align:left;font-style:normal;color:#000000;}.wp-block-kadence-advancedheading.kt-adv-heading4782_4f9cd3-21 mark.kt-highlight, .wp-block-kadence-advancedheading.kt-adv-heading4782_4f9cd3-21[data-kb-block=\"kb-adv-heading4782_4f9cd3-21\"] mark.kt-highlight{font-style:normal;color:#000000;-webkit-box-decoration-break:clone;box-decoration-break:clone;padding-top:0px;padding-right:0px;padding-bottom:0px;padding-left:40px;}.wp-block-kadence-advancedheading.kt-adv-heading4782_4f9cd3-21 img.kb-inline-image, .wp-block-kadence-advancedheading.kt-adv-heading4782_4f9cd3-21[data-kb-block=\"kb-adv-heading4782_4f9cd3-21\"] img.kb-inline-image{width:150px;vertical-align:baseline;}<\/style>\n<p class=\"kt-adv-heading4782_4f9cd3-21 wp-block-kadence-advancedheading\" data-kb-block=\"kb-adv-heading4782_4f9cd3-21\"><strong><strong>Instructions for the vote for the topics of the Berlin Congress<\/strong><\/strong><br><br>Chers membres de l&rsquo;Acad\u00e9mie<br><br>Nous remercions tous ceux d&rsquo;entre vous qui ont fait des suggestions de sujets pour le Congr\u00e8s de Berlin en 2026.<br><br>As has always been the case in the past, there has been a preselection and here are some of the criteria used:<\/p>\n\n\n\n<ul class=\"wp-block-list\">\n<li><mark style=\"background-color:rgba(0, 0, 0, 0);color:#000000\" class=\"has-inline-color\">Les suggestions de sujets qui n&rsquo;incluaient pas de proposition de rapporteur g\u00e9n\u00e9ral n&rsquo;\u00e9taient habituellement pas prises en compte.<\/mark><\/li>\n\n\n\n<li><mark style=\"background-color:rgba(0, 0, 0, 0);color:#000000\" class=\"has-inline-color\">Nous avons limit\u00e9 le nombre de propositions provenant d&rsquo;un m\u00eame pays pour garantir la diversit\u00e9.<\/mark><\/li>\n\n\n\n<li><mark style=\"background-color:rgba(0, 0, 0, 0);color:#000000\" class=\"has-inline-color\">We eliminated repetition of topics (or of closely related topics)<\/mark>.<\/li>\n\n\n\n<li><mark style=\"background-color:rgba(0, 0, 0, 0);color:#000000\" class=\"has-inline-color\">Nous n&rsquo;avons qu&rsquo;exceptionnellement inclus plus d&rsquo;une proposition du m\u00eame coll\u00e8gue ou avec la proposition du m\u00eame rapporteur g\u00e9n\u00e9ral.<\/mark><\/li>\n\n\n\n<li><mark style=\"background-color:rgba(0, 0, 0, 0);color:#000000\" class=\"has-inline-color\">Certaines suggestions ont \u00e9t\u00e9 r\u00e9affect\u00e9es \u00e0 une cat\u00e9gorie diff\u00e9rente de celle sugg\u00e9r\u00e9e par l&rsquo;auteur.<\/mark><\/li>\n<\/ul>\n\n\n<style>.wp-block-kadence-advancedheading.kt-adv-heading4782_512549-b5, .wp-block-kadence-advancedheading.kt-adv-heading4782_512549-b5[data-kb-block=\"kb-adv-heading4782_512549-b5\"]{font-style:normal;}.wp-block-kadence-advancedheading.kt-adv-heading4782_512549-b5 mark.kt-highlight, .wp-block-kadence-advancedheading.kt-adv-heading4782_512549-b5[data-kb-block=\"kb-adv-heading4782_512549-b5\"] mark.kt-highlight{font-style:normal;color:#f76a0c;-webkit-box-decoration-break:clone;box-decoration-break:clone;padding-top:0px;padding-right:0px;padding-bottom:0px;padding-left:0px;}.wp-block-kadence-advancedheading.kt-adv-heading4782_512549-b5 img.kb-inline-image, .wp-block-kadence-advancedheading.kt-adv-heading4782_512549-b5[data-kb-block=\"kb-adv-heading4782_512549-b5\"] img.kb-inline-image{width:150px;vertical-align:baseline;}<\/style>\n<p class=\"kt-adv-heading4782_512549-b5 wp-block-kadence-advancedheading\" data-kb-block=\"kb-adv-heading4782_512549-b5\"><mark style=\"background-color:rgba(0, 0, 0, 0);color:#000000\" class=\"has-inline-color\">The topics are listed by category and we ask you to vote for one topic in each category<\/mark><br><br><mark style=\"background-color:rgba(0, 0, 0, 0);color:#000000\" class=\"has-inline-color\">Please note that only those who have paid their 2024 membership fees or are lifetime members are eligible to vote. If in doubt and\/or to regularize your situation, you can directly contact the treasurer at the following email address:<\/mark> <a href=\"mailto:treasurer@aidc-iacl.org\">treasurer@aidc-iacl.org<\/a> <mark style=\"background-color:rgba(0, 0, 0, 0);color:#000000\" class=\"has-inline-color\">(cc:<\/mark> <a href=\"mailto:secretariat@aidc-iacl.org\">secretariat@aidc-iacl.org<\/a><mark style=\"background-color:rgba(0, 0, 0, 0);color:#000000\" class=\"has-inline-color\">).<\/mark><br><\/p>\n\n\n<style>.wp-block-kadence-advancedbtn.kb-btns4782_b31a0c-63{gap:var(--global-kb-gap-xs, 0.5rem );justify-content:center;align-items:center;}.kt-btns4782_b31a0c-63 .kt-button{font-weight:normal;font-style:normal;}.kt-btns4782_b31a0c-63 .kt-btn-wrap-0{margin-right:5px;}.wp-block-kadence-advancedbtn.kt-btns4782_b31a0c-63 .kt-btn-wrap-0 .kt-button{color:#555555;border-color:#555555;}.wp-block-kadence-advancedbtn.kt-btns4782_b31a0c-63 .kt-btn-wrap-0 .kt-button:hover, .wp-block-kadence-advancedbtn.kt-btns4782_b31a0c-63 .kt-btn-wrap-0 .kt-button:focus{color:#ffffff;border-color:#444444;}.wp-block-kadence-advancedbtn.kt-btns4782_b31a0c-63 .kt-btn-wrap-0 .kt-button::before{display:none;}.wp-block-kadence-advancedbtn.kt-btns4782_b31a0c-63 .kt-btn-wrap-0 .kt-button:hover, .wp-block-kadence-advancedbtn.kt-btns4782_b31a0c-63 .kt-btn-wrap-0 .kt-button:focus{background:#444444;}<\/style>\n<div class=\"wp-block-kadence-advancedbtn kb-buttons-wrap kb-btns4782_b31a0c-63\"><style>ul.menu .wp-block-kadence-advancedbtn .kb-btn4782_3f809f-40.kb-button{width:initial;}.wp-block-kadence-advancedbtn .kb-btn4782_3f809f-40.kb-button{color:var(--global-palette9, #ffffff);background:var(--global-palette2, #2B6CB0);}.wp-block-kadence-advancedbtn .kb-btn4782_3f809f-40.kb-button:hover, .wp-block-kadence-advancedbtn .kb-btn4782_3f809f-40.kb-button:focus{color:var(--global-palette2, #2B6CB0);background:var(--global-palette8, #F7FAFC);}<\/style><a class=\"kb-button kt-button button kb-btn4782_3f809f-40 kt-btn-size-standard kt-btn-width-type-full kb-btn-global-fill  kt-btn-has-text-true kt-btn-has-svg-false  wp-block-kadence-singlebtn\" href=\"https:\/\/aidc-iacl.org\/en\/4389-2\/\"><span class=\"kt-btn-inner-text\">CLICK HERE TO VOTE<\/span><\/a><\/div>\n<\/div><\/div>\n\n<\/div><\/div><\/div><\/div>\n\n<\/div><\/div>","protected":false},"excerpt":{"rendered":"<p>ACAD\u00c9MIE INTERNATIONALE DE DROIT COMPAR\u00c9 Vote Instructions pour le vote sur les th\u00e8mes du Congr\u00e8s de Berlin Chers membres de l&rsquo;Acad\u00e9mie Nous remercions tous ceux d&rsquo;entre vous qui ont fait des suggestions de sujets pour le Congr\u00e8s de Berlin en 2026. Comme cela a toujours \u00e9t\u00e9 le cas par le pass\u00e9, il y a eu&#8230;<\/p>","protected":false},"author":1,"featured_media":0,"parent":4249,"menu_order":1,"comment_status":"closed","ping_status":"closed","template":"","meta":{"_kad_blocks_custom_css":"","_kad_blocks_head_custom_js":"","_kad_blocks_body_custom_js":"","_kad_blocks_footer_custom_js":"","_kadence_starter_templates_imported_post":false,"_kad_post_transparent":"","_kad_post_title":"","_kad_post_layout":"","_kad_post_sidebar_id":"","_kad_post_content_style":"","_kad_post_vertical_padding":"","_kad_post_feature":"","_kad_post_feature_position":"","_kad_post_header":false,"_kad_post_footer":false,"footnotes":""},"class_list":["post-4782","page","type-page","status-publish","hentry"],"taxonomy_info":[],"featured_image_src_large":false,"author_info":{"display_name":"Th\u00e9otime Alzas","author_link":"https:\/\/aidc-iacl.org\/en\/author\/aidc-iacl-thalzas-com\/"},"comment_info":0,"jetpack_sharing_enabled":true,"_links":{"self":[{"href":"https:\/\/aidc-iacl.org\/en\/wp-json\/wp\/v2\/pages\/4782","targetHints":{"allow":["GET"]}}],"collection":[{"href":"https:\/\/aidc-iacl.org\/en\/wp-json\/wp\/v2\/pages"}],"about":[{"href":"https:\/\/aidc-iacl.org\/en\/wp-json\/wp\/v2\/types\/page"}],"author":[{"embeddable":true,"href":"https:\/\/aidc-iacl.org\/en\/wp-json\/wp\/v2\/users\/1"}],"replies":[{"embeddable":true,"href":"https:\/\/aidc-iacl.org\/en\/wp-json\/wp\/v2\/comments?post=4782"}],"version-history":[{"count":4,"href":"https:\/\/aidc-iacl.org\/en\/wp-json\/wp\/v2\/pages\/4782\/revisions"}],"predecessor-version":[{"id":4789,"href":"https:\/\/aidc-iacl.org\/en\/wp-json\/wp\/v2\/pages\/4782\/revisions\/4789"}],"up":[{"embeddable":true,"href":"https:\/\/aidc-iacl.org\/en\/wp-json\/wp\/v2\/pages\/4249"}],"wp:attachment":[{"href":"https:\/\/aidc-iacl.org\/en\/wp-json\/wp\/v2\/media?parent=4782"}],"curies":[{"name":"wp","href":"https:\/\/api.w.org\/{rel}","templated":true}]}}